{"id":5615,"date":"2022-10-06T13:21:58","date_gmt":"2022-10-06T11:21:58","guid":{"rendered":"https:\/\/shs.one\/imprimer\/"},"modified":"2023-11-09T13:28:52","modified_gmt":"2023-11-09T12:28:52","slug":"imprimer","status":"publish","type":"page","link":"https:\/\/shs.one\/fr\/imprimer\/","title":{"rendered":"imprimer"},"content":{"rendered":"\n<p>SHS Superior Home Styling Sagl<br\/>Via Bartolomeo Papio 3<br\/>6612 Ascona<\/p>\n\n<h4 class=\"wp-block-heading\">IDI\/IVA<\/h4>\n\n<p>CHE-231.485.806<\/p>\n\n<p>tel : 091 791 16 81<br\/>email : info@shs.one<\/p>\n\n<h2 class=\"wp-block-heading\">Clause de non-responsabilit\u00e9<\/h2>\n\n<p>Ce site web a \u00e9t\u00e9 cr\u00e9\u00e9 et v\u00e9rifi\u00e9 avec le plus grand soin. L&rsquo;\u00e9diteur n&rsquo;assume toutefois aucune responsabilit\u00e9 quant \u00e0 l&rsquo;actualit\u00e9, l&rsquo;exactitude, l&rsquo;exhaustivit\u00e9 ou la qualit\u00e9 des informations mises \u00e0 disposition.<\/p>\n\n<p>Toutes les informations contenues dans ce site Internet sont mises \u00e0 la disposition des visiteurs du site \u00e0 titre de service. En ce qui concerne ces informations, que PS-Personalservice a \u00e9galement obtenues de tiers, ni PS-Personalservice, ni ses propri\u00e9taires, partenaires ou employ\u00e9s n&rsquo;assument aucune responsabilit\u00e9 (directe ou indirecte) pour les blessures, pertes, r\u00e9clamations, dommages, dommages indirects ou cons\u00e9cutifs, pour les pertes de b\u00e9n\u00e9fices, r\u00e9sultant de quelque mani\u00e8re que ce soit de l&rsquo;utilisation des informations de ce site.<\/p>\n\n<p>Toutes les offres sont sans engagement et non contractuelles.<\/p>\n\n<p><\/p>\n\n<h2 class=\"wp-block-heading\">R\u00e9f\u00e9rences et liens<\/h2>\n\n<p>En cas de renvois directs ou indirects \u00e0 des sites Internet externes (hyperliens) qui ne rel\u00e8vent pas de la responsabilit\u00e9 de l&rsquo;auteur, une obligation de responsabilit\u00e9 entrerait exclusivement en vigueur dans le cas o\u00f9 l&rsquo;auteur aurait connaissance des contenus et qu&rsquo;il lui serait techniquement possible et raisonnable d&#8217;emp\u00eacher l&rsquo;utilisation en cas de contenus ill\u00e9gaux. L&rsquo;auteur d\u00e9clare express\u00e9ment par la pr\u00e9sente qu&rsquo;au moment de l&rsquo;\u00e9tablissement des liens, aucun contenu ill\u00e9gal n&rsquo;\u00e9tait identifiable sur les pages \u00e0 relier. L&rsquo;auteur n&rsquo;a aucune influence sur la conception actuelle et future, les contenus ou les droits d&rsquo;auteur des pages li\u00e9es ou r\u00e9f\u00e9renc\u00e9es. C&rsquo;est pourquoi il se distancie express\u00e9ment par la pr\u00e9sente de tous les contenus de toutes les pages li\u00e9es qui ont \u00e9t\u00e9 modifi\u00e9es apr\u00e8s l&rsquo;\u00e9tablissement des liens. Cette constatation s&rsquo;applique \u00e0 tous les liens et renvois cr\u00e9\u00e9s dans le cadre de la propre offre Internet ainsi qu&rsquo;aux inscriptions de tiers dans les livres d&rsquo;or, forums de discussion et listes de diffusion cr\u00e9\u00e9s par l&rsquo;auteur. Seul le fournisseur de la page \u00e0 laquelle il a \u00e9t\u00e9 renvoy\u00e9 est responsable des contenus ill\u00e9gaux, erron\u00e9s ou incomplets et en particulier des dommages r\u00e9sultant de l&rsquo;utilisation ou de la non-utilisation des informations ainsi pr\u00e9sent\u00e9es, et non celui qui ne fait que renvoyer \u00e0 la publication concern\u00e9e par le biais de liens.<\/p>\n\n<p><\/p>\n\n<h2 class=\"wp-block-heading\">D\u00e9claration de confidentialit\u00e9<\/h2>\n\n<p>Il va de soi que nous prot\u00e9geons la vie priv\u00e9e de toutes les personnes qui utilisent notre site web. Toutes les donn\u00e9es personnelles sont trait\u00e9es de mani\u00e8re confidentielle.<\/p>\n\n<p>Les informations que nous recevons de votre part ne sont utilis\u00e9es que pour vous contacter. Elles ne sont pas transmises \u00e0 des tiers. Nous ne cr\u00e9ons pas non plus de profils d&rsquo;utilisateurs personnels.<\/p>\n\n<p>De m\u00eame, aucune donn\u00e9e n&rsquo;est transmise \u00e0 des annonceurs ou \u00e0 des personnes int\u00e9ress\u00e9es.<\/p>\n\n<p><\/p>\n\n<h2 class=\"wp-block-heading\">Copyright<\/h2>\n\n<p>L&rsquo;auteur s&rsquo;efforce de ne pas utiliser de mat\u00e9riel prot\u00e9g\u00e9 par des droits d&rsquo;auteur pour la publication. Toutes les marques et marques d\u00e9pos\u00e9es mentionn\u00e9es dans l&rsquo;offre Internet et \u00e9ventuellement prot\u00e9g\u00e9es par des tiers sont soumises sans restriction aux dispositions du droit des marques en vigueur et aux droits de propri\u00e9t\u00e9 des propri\u00e9taires enregistr\u00e9s respectifs. La simple mention d&rsquo;une marque ne permet pas de conclure qu&rsquo;elle n&rsquo;est pas prot\u00e9g\u00e9e par des droits de tiers ! Le copyright des objets publi\u00e9s et cr\u00e9\u00e9s par l&rsquo;auteur lui-m\u00eame reste la propri\u00e9t\u00e9 exclusive de l&rsquo;auteur des pages. Toute reproduction ou utilisation de tels graphiques, documents sonores, s\u00e9quences vid\u00e9o et textes dans d&rsquo;autres publications \u00e9lectroniques ou imprim\u00e9es est interdite sans l&rsquo;autorisation expresse de l&rsquo;auteur. Toutes les marques et marques d\u00e9pos\u00e9es mentionn\u00e9es dans l&rsquo;offre Internet et \u00e9ventuellement prot\u00e9g\u00e9es par des tiers sont soumises sans restriction aux dispositions du droit des marques en vigueur et aux droits de propri\u00e9t\u00e9 des propri\u00e9taires enregistr\u00e9s respectifs.<\/p>\n\n<p><\/p>\n\n<h2 class=\"wp-block-heading\">Validit\u00e9 juridique de la pr\u00e9sente clause de non-responsabilit\u00e9<\/h2>\n\n<p>Cette exclusion de responsabilit\u00e9 doit \u00eatre consid\u00e9r\u00e9e comme faisant partie de l&rsquo;offre Internet \u00e0 partir de laquelle il a \u00e9t\u00e9 renvoy\u00e9 \u00e0 cette page. Si des parties ou certaines formulations de ce texte ne devaient pas, plus ou pas enti\u00e8rement correspondre \u00e0 la situation juridique en vigueur, les autres parties du document n&rsquo;en seraient pas affect\u00e9es dans leur contenu et leur validit\u00e9.<\/p>\n\n<p><\/p>\n\n<h2 class=\"wp-block-heading\">Sources des images<\/h2>\n\n<p>B&amp;B Italia, Fotolia, Simona Palermo, Marco Palermo,<\/p>\n","protected":false},"excerpt":{"rendered":"<p>SHS Superior Home Styling SaglVia Bartolomeo Papio 36612 Ascona IDI\/IVA CHE-231.485.806 tel : 091 791 16 81email : info@shs.one Clause de non-responsabilit\u00e9 Ce site web a \u00e9t\u00e9 cr\u00e9\u00e9 et v\u00e9rifi\u00e9 avec le plus grand soin. L&rsquo;\u00e9diteur n&rsquo;assume toutefois aucune responsabilit\u00e9 quant \u00e0 l&rsquo;actualit\u00e9, l&rsquo;exactitude, l&rsquo;exhaustivit\u00e9 ou la qualit\u00e9 des informations mises \u00e0 disposition. Toutes les [&hellip;]<\/p>\n","protected":false},"author":13,"featured_media":0,"parent":0,"menu_order":0,"comment_status":"closed","ping_status":"open","template":"","meta":{"_acf_changed":false,"_seopress_robots_primary_cat":"","_seopress_titles_title":"","_seopress_titles_desc":"","_seopress_robots_index":"","footnotes":""},"class_list":["post-5615","page","type-page","status-publish","hentry"],"acf":[],"jetpack_sharing_enabled":true,"_links":{"self":[{"href":"https:\/\/shs.one\/fr\/wp-json\/wp\/v2\/pages\/5615","targetHints":{"allow":["GET"]}}],"collection":[{"href":"https:\/\/shs.one\/fr\/wp-json\/wp\/v2\/pages"}],"about":[{"href":"https:\/\/shs.one\/fr\/wp-json\/wp\/v2\/types\/page"}],"author":[{"embeddable":true,"href":"https:\/\/shs.one\/fr\/wp-json\/wp\/v2\/users\/13"}],"replies":[{"embeddable":true,"href":"https:\/\/shs.one\/fr\/wp-json\/wp\/v2\/comments?post=5615"}],"version-history":[{"count":0,"href":"https:\/\/shs.one\/fr\/wp-json\/wp\/v2\/pages\/5615\/revisions"}],"wp:attachment":[{"href":"https:\/\/shs.one\/fr\/wp-json\/wp\/v2\/media?parent=5615"}],"curies":[{"name":"wp","href":"https:\/\/api.w.org\/{rel}","templated":true}]}}