{"id":5619,"date":"2022-10-06T13:23:42","date_gmt":"2022-10-06T11:23:42","guid":{"rendered":"https:\/\/shs.one\/intimite\/"},"modified":"2024-02-01T15:59:02","modified_gmt":"2024-02-01T14:59:02","slug":"intimite","status":"publish","type":"page","link":"https:\/\/shs.one\/fr\/intimite\/","title":{"rendered":"intimit\u00e9"},"content":{"rendered":"<p><strong><span lang=\"EN-US\" style=\"mso-ansi-language: EN-US;\">Informations sur la<br \/>\nnouveau r\u00e8glement g\u00e9n\u00e9ral sur la protection des donn\u00e9es (GDPR, General Data Protection Regulation)<\/span><\/strong><\/p>\n<p><!-- \/wp:post-content --><!-- wp:paragraph --><\/p>\n<p><span lang=\"EN-US\" style=\"mso-ansi-language: EN-US;\">Le site<br \/>\nLe r\u00e8glement g\u00e9n\u00e9ral sur la protection des donn\u00e9es ou GDPR est un r\u00e8glement de l&rsquo;UE visant \u00e0 prot\u00e9ger les donn\u00e9es personnelles.<br \/>\ndonn\u00e9es et de la vie priv\u00e9e de toutes les personnes dans l&rsquo;Union europ\u00e9enne. Ce<br \/>\nentre en vigueur le 25 mai 2018. En bref, le GDPR r\u00e9glemente le respect de la vie priv\u00e9e,<br \/>\nune gestion transparente, l\u00e9gale et prudente des donn\u00e9es personnelles.<br \/>\ndonn\u00e9es. A l&rsquo;avenir, il ne sera pas permis de collecter plus de donn\u00e9es que n\u00e9cessaire ni plus longtemps que n\u00e9cessaire.<br \/>\nconserv\u00e9es exclusivement dans un but pr\u00e9cis et pour une dur\u00e9e d\u00e9termin\u00e9e<br \/>\n\u00eatre.<br \/>\nComme vous \u00eates un partenaire commercial tr\u00e8s appr\u00e9ci\u00e9 de SHS Superior Home Styling Sagl<br \/>\ndont nous conservons \u00e9galement des donn\u00e9es personnelles, nous souhaitons vous informer sur<br \/>\ninformer sur les diff\u00e9rents aspects du GDPR susceptibles de vous int\u00e9resser<br \/>\npourraient. SHS Superior Home Styling Sagl poss\u00e8de les marques Superior Home<br \/>\nStaging (<\/span><a href=\"http:\/\/www.superiorhomestaging.ch\/\"><br \/>\n  <span lang=\"EN-US\" style=\"mso-ansi-language: EN-US;\">www.superiorhomestaging.ch<\/span><br \/>\n<\/a><span lang=\"EN-US\" style=\"mso-ansi-language: EN-US;\">), Superior Home Styling <\/span><a href=\"http:\/\/www.superiorhomestyling.ch\/\"><br \/>\n  <span lang=\"EN-US\" style=\"mso-ansi-language: EN-US;\">(www.superiorhomestyling.ch<\/span><br \/>\n<\/a><span lang=\"EN-US\" style=\"mso-ansi-language: EN-US;\">) et shs.one. Les indications ci-dessous concernant la<br \/>\nLes dispositions du RGPD s&rsquo;appliquent donc \u00e9galement \u00e0 toutes les donn\u00e9es personnelles susmentionn\u00e9es.<br \/>\nMarques de SHS Superior Home Styling Sagl.<\/span><\/p>\n<p><!-- \/wp:paragraph --><!-- wp:paragraph --><\/p>\n<p><strong><span lang=\"EN-US\" style=\"mso-ansi-language: EN-US;\">Quelles cat\u00e9gories<br \/>\nde donn\u00e9es \u00e0 caract\u00e8re personnel de partenaires commerciaux, SHS enregistre et traite<br \/>\nSuperior Home Styling Sagl ?<\/span><\/strong><\/p>\n<p><!-- \/wp:paragraph --><!-- wp:paragraph --><\/p>\n<p><span lang=\"EN-US\" style=\"mso-ansi-language: EN-US;\">SHS Superior Home Styling<br \/>\nSagl conserve et traite les cat\u00e9gories suivantes de donn\u00e9es personnelles<br \/>\nDonn\u00e9es<br \/>\nde partenaires commerciaux :<br \/>\n&#8211; Titre (formule de politesse)<br \/>\n&#8211; Pr\u00e9nom et nom de famille<br \/>\n&#8211; Fonction<br \/>\n&#8211; Soci\u00e9t\u00e9<br \/>\n&#8211; Adresse postale (rue, code postal, ville, pays)<br \/>\n&#8211; Num\u00e9ro de t\u00e9l\u00e9phone<br \/>\n&#8211; Adresse \u00e9lectronique<\/span><\/p>\n<p><!-- \/wp:paragraph --><!-- wp:paragraph --><\/p>\n<p><strong><span lang=\"EN-US\" style=\"mso-ansi-language: EN-US;\">Qui g\u00e8re chez<br \/>\nSHS Superior Home Styling Sagl les donn\u00e9es personnelles de l&rsquo;utilisateur.<br \/>\nPartenaires commerciaux ?<\/span><\/strong><\/p>\n<p><!-- \/wp:paragraph --><!-- wp:paragraph --><\/p>\n<p><span lang=\"EN-US\" style=\"mso-ansi-language: EN-US;\"><br \/>\nEn Suisse, le contact suivant est responsable de la gestion des donn\u00e9es personnelles des partenaires commerciaux<br \/>\n:<br \/>\n&#8211; Marco Palermo<br \/>\n&#8211; SHS Superior Home Styling Sagl, Via Bartolomeo Papio 3 6612 Ascona<br \/>\n&#8211; <\/span><a href=\"mailto:marco@ps-personalservice.ch\"><br \/>\n  <span lang=\"EN-US\" style=\"mso-ansi-language: EN-US;\">marco@shs.one<\/span><br \/>\n<\/a><\/p>\n<p><!-- \/wp:paragraph --><!-- wp:paragraph --><\/p>\n<p><strong><span lang=\"EN-US\" style=\"mso-ansi-language: EN-US;\">Dans quel but<br \/>\nSHS Superior Home Styling Sagl traite-t-elle des donn\u00e9es personnelles ?<\/span><\/strong><\/p>\n<p><!-- \/wp:paragraph --><!-- wp:paragraph --><\/p>\n<p><span lang=\"EN-US\" style=\"mso-ansi-language: EN-US;\">Nous traitons<br \/>\nles donn\u00e9es \u00e0 caract\u00e8re personnel \u00e0 certaines fins commerciales conformes \u00e0 la loi, telles que :<br \/>\n&#8211; pour renforcer, adapter, personnaliser ou am\u00e9liorer de toute autre mani\u00e8re<br \/>\nde nos services et de notre communication en faveur de nos clients, o\u00f9<br \/>\nle traitement des donn\u00e9es le permet,<br \/>\n&#8211; pour d\u00e9tecter et pr\u00e9venir la fraude,<br \/>\n&#8211; pour renforcer la s\u00e9curit\u00e9 de notre r\u00e9seau et de nos<br \/>\nSyst\u00e8mes d&rsquo;information,<br \/>\n&#8211; pour mieux comprendre l&rsquo;interaction de nos partenaires commerciaux avec nos<br \/>\nSites web,<br \/>\n&#8211; pour la communication d&rsquo;informations par voie postale et\/ou par courrier \u00e9lectronique,<br \/>\n&#8211; pour d\u00e9terminer l&rsquo;efficacit\u00e9 des campagnes publicitaires et des annonces.<br \/>\nLorsque nous traitons des donn\u00e9es \u00e0 caract\u00e8re personnel, nous veillons toujours \u00e0 ce que<br \/>\nvos droits \u00e0 la protection de vos donn\u00e9es personnelles sont respect\u00e9s et<br \/>\n\u00eatre pris en compte. Vous avez le droit de vous opposer au traitement de ces donn\u00e9es.<br \/>\nrefuser si vous le souhaitez. Si c&rsquo;est le cas, envoyez-nous<br \/>\nveuillez envoyer un e-mail \u00e0  <\/span><a href=\"mailto:marco@ps-personalservice.ch\"><span lang=\"EN-US\" style=\"mso-ansi-language: EN-US;\">marco@shs.one<\/span><\/a><span lang=\"EN-US\" style=\"mso-ansi-language: EN-US;\">. Veuillez noter qu&rsquo;une<br \/>\nLe refus peut limiter nos possibilit\u00e9s d&rsquo;atteindre les objectifs susmentionn\u00e9s.<br \/>\nd&rsquo;ex\u00e9cuter des services en votre faveur.<\/span><\/p>\n<p><!-- \/wp:paragraph --><!-- wp:paragraph --><\/p>\n<p><strong><span lang=\"EN-US\" style=\"mso-ansi-language: EN-US;\">Combien de temps stocke-t-on<br \/>\nSHS Superior Home Styling Sagl les donn\u00e9es personnelles de<br \/>\nPartenaires commerciaux ?<\/span><\/strong><\/p>\n<p><!-- \/wp:paragraph --><!-- wp:paragraph --><\/p>\n<p><span lang=\"EN-US\" style=\"mso-ansi-language: EN-US;\">SHS Superior Home Styling<br \/>\nLa soci\u00e9t\u00e9 Sagl conserve les donn\u00e9es personnelles collect\u00e9es aupr\u00e8s des clients et n\u00e9cessaires au traitement de leurs demandes.<br \/>\n\u00e0 des fins commerciales conformes \u00e0 la loi, apr\u00e8s le dernier<br \/>\nPour des raisons comptables, le processus de traitement est g\u00e9n\u00e9ralement conserv\u00e9 pendant 10 ans.<br \/>\nNous conservons d&rsquo;autres donn\u00e9es aussi longtemps que cela est n\u00e9cessaire \u00e0 l&rsquo;ex\u00e9cution du contrat et \u00e0 la protection des donn\u00e9es.<br \/>\nest n\u00e9cessaire \u00e0 la protection de nos droits. Sous r\u00e9serve de dispositions l\u00e9gales plus longues<br \/>\net des obligations\/raisons de conservation op\u00e9rationnelles.<\/span><\/p>\n<p><!-- \/wp:paragraph --><!-- wp:paragraph --><\/p>\n<p><strong><span lang=\"EN-US\" style=\"mso-ansi-language: EN-US;\">Est-ce que je peux \u00eatre<br \/>\nPartenaires commerciaux de SHS Superior Home Styling Sagl mes personnes<br \/>\nCorriger les donn\u00e9es ou en limiter l&rsquo;utilisation ?<\/span><\/strong><span lang=\"EN-US\" style=\"mso-ansi-language: EN-US;\">  Partenaires commerciaux de SHS Superior<br \/>\nHome Styling Sagl peut \u00e0 tout moment demander \u00e0 consulter ses donn\u00e9es personnelles enregistr\u00e9es.<br \/>\nde les corriger, de les transf\u00e9rer vers un autre syst\u00e8me ou de les supprimer, ainsi que leur<br \/>\nlimiter le traitement. En outre, les partenaires commerciaux de<br \/>\nPS-Personalservice et Management \u00e0 tout moment l&rsquo;enregistrement et le traitement<br \/>\nde leurs donn\u00e9es personnelles ou demander une copie de ces donn\u00e9es.<br \/>\nNous esp\u00e9rons que ces informations vous seront utiles et attendons avec impatience<br \/>\nune bonne collaboration continue avec vous. Si vous avez des questions sur<br \/>\nSi vous avez des questions concernant le stockage et le traitement des donn\u00e9es personnelles, veuillez contacter<br \/>\ns&rsquo;il vous pla\u00eet  <\/span><a href=\"mailto:marco@ps-personalservice.ch\"><span lang=\"EN-US\" style=\"mso-ansi-language: EN-US;\">marco@shs.one<\/span><\/a><\/p>\n<p><!-- \/wp:paragraph --><\/p>\n","protected":false},"excerpt":{"rendered":"<p>Informations sur la nouveau r\u00e8glement g\u00e9n\u00e9ral sur la protection des donn\u00e9es (GDPR, General Data Protection Regulation) Le site Le r\u00e8glement g\u00e9n\u00e9ral sur la protection des donn\u00e9es ou GDPR est un r\u00e8glement de l&rsquo;UE visant \u00e0 prot\u00e9ger les donn\u00e9es personnelles. donn\u00e9es et de la vie priv\u00e9e de toutes les personnes dans l&rsquo;Union europ\u00e9enne. Ce entre en [&hellip;]<\/p>\n","protected":false},"author":13,"featured_media":0,"parent":0,"menu_order":0,"comment_status":"closed","ping_status":"open","template":"","meta":{"_acf_changed":false,"_seopress_robots_primary_cat":"","_seopress_titles_title":"","_seopress_titles_desc":"","_seopress_robots_index":"","footnotes":""},"class_list":["post-5619","page","type-page","status-publish","hentry"],"acf":[],"jetpack_sharing_enabled":true,"_links":{"self":[{"href":"https:\/\/shs.one\/fr\/wp-json\/wp\/v2\/pages\/5619","targetHints":{"allow":["GET"]}}],"collection":[{"href":"https:\/\/shs.one\/fr\/wp-json\/wp\/v2\/pages"}],"about":[{"href":"https:\/\/shs.one\/fr\/wp-json\/wp\/v2\/types\/page"}],"author":[{"embeddable":true,"href":"https:\/\/shs.one\/fr\/wp-json\/wp\/v2\/users\/13"}],"replies":[{"embeddable":true,"href":"https:\/\/shs.one\/fr\/wp-json\/wp\/v2\/comments?post=5619"}],"version-history":[{"count":0,"href":"https:\/\/shs.one\/fr\/wp-json\/wp\/v2\/pages\/5619\/revisions"}],"wp:attachment":[{"href":"https:\/\/shs.one\/fr\/wp-json\/wp\/v2\/media?parent=5619"}],"curies":[{"name":"wp","href":"https:\/\/api.w.org\/{rel}","templated":true}]}}