{"id":5626,"date":"2023-10-12T10:04:21","date_gmt":"2023-10-12T08:04:21","guid":{"rendered":"https:\/\/shs.one\/notre-service\/"},"modified":"2023-11-09T15:35:23","modified_gmt":"2023-11-09T14:35:23","slug":"notre-service","status":"publish","type":"page","link":"https:\/\/shs.one\/fr\/notre-service\/","title":{"rendered":"Notre service"},"content":{"rendered":"\t\t<div data-elementor-type=\"wp-page\" data-elementor-id=\"5626\" class=\"elementor elementor-5626 elementor-1233\" data-elementor-post-type=\"page\">\n\t\t\t\t\t\t<section class=\"elementor-section elementor-top-section elementor-element elementor-element-05ca275 elementor-section-full_width elementor-section-height-default elementor-section-height-default\" data-id=\"05ca275\" data-element_type=\"section\" data-e-type=\"section\">\n\t\t\t\t\t\t<div class=\"elementor-container elementor-column-gap-default\">\n\t\t\t\t\t<div class=\"elementor-column elementor-col-50 elementor-top-column elementor-element elementor-element-b144551\" data-id=\"b144551\" data-element_type=\"column\" data-e-type=\"column\">\n\t\t\t<div class=\"elementor-widget-wrap elementor-element-populated\">\n\t\t\t\t\t\t<div class=\"elementor-element elementor-element-0f1beb7 de_scroll_animation_no elementor-invisible elementor-widget elementor-widget-image\" data-id=\"0f1beb7\" data-element_type=\"widget\" data-e-type=\"widget\" data-settings=\"{&quot;_animation&quot;:&quot;fadeIn&quot;}\" data-widget_type=\"image.default\">\n\t\t\t\t<div class=\"elementor-widget-container\">\n\t\t\t\t\t\t\t\t\t\t\t\t\t\t\t<img decoding=\"async\" src=\"https:\/\/shs.one\/wp-content\/uploads\/sites\/106\/elementor\/thumbs\/AdobeStock_553846006-scaled-qg5q5ubh3c9b0ll9esfxneq5c54gdmk0r76ufxo3mg.jpeg\" title=\"3d rendering of modern living room with white sofa, home desk in\" alt=\"3d rendering of modern living room with white sofa, home desk in\" loading=\"lazy\" \/>\t\t\t\t\t\t\t\t\t\t\t\t\t\t\t<\/div>\n\t\t\t\t<\/div>\n\t\t\t\t\t<\/div>\n\t\t<\/div>\n\t\t\t\t<div class=\"elementor-column elementor-col-50 elementor-top-column elementor-element elementor-element-15bccb5\" data-id=\"15bccb5\" data-element_type=\"column\" data-e-type=\"column\" data-settings=\"{&quot;background_background&quot;:&quot;classic&quot;}\">\n\t\t\t<div class=\"elementor-widget-wrap elementor-element-populated\">\n\t\t\t\t\t\t<div class=\"elementor-element elementor-element-779180d de_scroll_animation_no elementor-invisible elementor-widget elementor-widget-heading\" data-id=\"779180d\" data-element_type=\"widget\" data-e-type=\"widget\" data-settings=\"{&quot;_animation&quot;:&quot;fadeIn&quot;,&quot;_animation_delay&quot;:200}\" data-widget_type=\"heading.default\">\n\t\t\t\t<div class=\"elementor-widget-container\">\n\t\t\t\t\t<h2 class=\"elementor-heading-title elementor-size-default\">L'architecture rencontre le design d'int\u00e9rieur\n<\/h2>\t\t\t\t<\/div>\n\t\t\t\t<\/div>\n\t\t\t\t<div class=\"elementor-element elementor-element-2efc2c9 de_scroll_animation_no elementor-widget elementor-widget-text-editor\" data-id=\"2efc2c9\" data-element_type=\"widget\" data-e-type=\"widget\" data-widget_type=\"text-editor.default\">\n\t\t\t\t<div class=\"elementor-widget-container\">\n\t\t\t\t\t\t\t\t\t<p>L&rsquo;architecture rencontre le design d&rsquo;int\u00e9rieur<\/p>\n<p>Notre \u00e9quipe sait combiner l&rsquo;influence de la lumi\u00e8re, de l&rsquo;espace, de la forme et de la configuration dans un bien immobilier. En tenant compte de tous ces \u00e9l\u00e9ments, l&rsquo;\u00e9quipe SHS cr\u00e9e des ambiances d&rsquo;habitation qui fonctionnent de mani\u00e8re intelligente et dans lesquelles il fait bon vivre.<\/p>\n<p><b>Notre devise :<\/b><\/p>\n<p>Concilier fonctionnalit\u00e9 et style de vie<\/p>\n<p>Avec le soutien de nos clients et de leurs souhaits et besoins, nous cr\u00e9ons des concepts de design intemporels et \u00e9l\u00e9gants.<\/p>\n<p>Aussi individuel que chacun d&rsquo;entre nous.<\/p>\n\t\t\t\t\t\t\t\t<\/div>\n\t\t\t\t<\/div>\n\t\t\t\t<div class=\"elementor-element elementor-element-e02b417 de_scroll_animation_no elementor-invisible elementor-widget elementor-widget-button\" data-id=\"e02b417\" data-element_type=\"widget\" data-e-type=\"widget\" data-settings=\"{&quot;_animation&quot;:&quot;fadeIn&quot;,&quot;_animation_delay&quot;:400}\" data-widget_type=\"button.default\">\n\t\t\t\t<div class=\"elementor-widget-container\">\n\t\t\t\t\t\t\t\t\t<div class=\"elementor-button-wrapper\">\n\t\t\t\t\t<a class=\"elementor-button elementor-button-link elementor-size-sm\" href=\"https:\/\/shs.one\/fr\/a-propos-de-nous\/\">\n\t\t\t\t\t\t<span class=\"elementor-button-content-wrapper\">\n\t\t\t\t\t\t\t\t\t<span class=\"elementor-button-text\">\u00e0 propos de nous<\/span>\n\t\t\t\t\t<\/span>\n\t\t\t\t\t<\/a>\n\t\t\t\t<\/div>\n\t\t\t\t\t\t\t\t<\/div>\n\t\t\t\t<\/div>\n\t\t\t\t\t<\/div>\n\t\t<\/div>\n\t\t\t\t\t<\/div>\n\t\t<\/section>\n\t\t\t\t<section class=\"elementor-section elementor-top-section elementor-element elementor-element-4f44750 elementor-section-full_width elementor-section-height-default elementor-section-height-default\" data-id=\"4f44750\" data-element_type=\"section\" data-e-type=\"section\">\n\t\t\t\t\t\t<div class=\"elementor-container elementor-column-gap-default\">\n\t\t\t\t\t<div class=\"elementor-column elementor-col-50 elementor-top-column elementor-element elementor-element-49be784\" data-id=\"49be784\" data-element_type=\"column\" data-e-type=\"column\" data-settings=\"{&quot;background_background&quot;:&quot;classic&quot;}\">\n\t\t\t<div class=\"elementor-widget-wrap elementor-element-populated\">\n\t\t\t\t\t\t<div class=\"elementor-element elementor-element-c278c58 de_scroll_animation_no elementor-invisible elementor-widget elementor-widget-heading\" data-id=\"c278c58\" data-element_type=\"widget\" data-e-type=\"widget\" data-settings=\"{&quot;_animation&quot;:&quot;fadeIn&quot;,&quot;_animation_delay&quot;:200}\" data-widget_type=\"heading.default\">\n\t\t\t\t<div class=\"elementor-widget-container\">\n\t\t\t\t\t<h3 class=\"elementor-heading-title elementor-size-default\">FF&amp;E<br>\nMeubles, raccords &amp; \u00e9quipements\n<\/h3>\t\t\t\t<\/div>\n\t\t\t\t<\/div>\n\t\t\t\t<div class=\"elementor-element elementor-element-50bac1b de_scroll_animation_no elementor-widget elementor-widget-text-editor\" data-id=\"50bac1b\" data-element_type=\"widget\" data-e-type=\"widget\" data-widget_type=\"text-editor.default\">\n\t\t\t\t<div class=\"elementor-widget-container\">\n\t\t\t\t\t\t\t\t\t<p>Notre concept d&rsquo;architecture d&rsquo;int\u00e9rieur, caract\u00e9ris\u00e9 par des meubles sur mesure (FF&amp;E), des objets d&rsquo;ameublement raffin\u00e9s et des objets d&rsquo;\u00e9quipement utiles, conf\u00e8re \u00e0 votre nouvelle maison un caract\u00e8re unique.<br \/>\u00e0 la maison une note de bien-\u00eatre particuli\u00e8re. L&rsquo;\u00e9quipe SHS d\u00e9veloppe le concept d&rsquo;am\u00e9nagement int\u00e9rieur et s&rsquo;assure que le concept d\u00e9passe les attentes de nos clients avec d&rsquo;excellentes finitions et un grand souci du d\u00e9tail.<\/p>\n\t\t\t\t\t\t\t\t<\/div>\n\t\t\t\t<\/div>\n\t\t\t\t\t<\/div>\n\t\t<\/div>\n\t\t\t\t<div class=\"elementor-column elementor-col-50 elementor-top-column elementor-element elementor-element-e7d4eb8\" data-id=\"e7d4eb8\" data-element_type=\"column\" data-e-type=\"column\">\n\t\t\t<div class=\"elementor-widget-wrap elementor-element-populated\">\n\t\t\t\t\t\t<div class=\"elementor-element elementor-element-1e55ad1 de_scroll_animation_no elementor-invisible elementor-widget elementor-widget-image\" data-id=\"1e55ad1\" data-element_type=\"widget\" data-e-type=\"widget\" data-settings=\"{&quot;_animation&quot;:&quot;fadeIn&quot;}\" data-widget_type=\"image.default\">\n\t\t\t\t<div class=\"elementor-widget-container\">\n\t\t\t\t\t\t\t\t\t\t\t\t\t\t\t<img decoding=\"async\" src=\"https:\/\/shs.one\/wp-content\/uploads\/sites\/106\/elementor\/thumbs\/SHS_Tiffany-19-scaled-qg27v57up467vlx6xgdwqr2y737rkgheb4yl433p7c.jpg\" title=\"SHS_Tiffany-19\" alt=\"SHS_Tiffany-19\" loading=\"lazy\" \/>\t\t\t\t\t\t\t\t\t\t\t\t\t\t\t<\/div>\n\t\t\t\t<\/div>\n\t\t\t\t\t<\/div>\n\t\t<\/div>\n\t\t\t\t\t<\/div>\n\t\t<\/section>\n\t\t\t\t<section class=\"elementor-section elementor-top-section elementor-element elementor-element-e646777 elementor-section-full_width elementor-section-height-default elementor-section-height-default\" data-id=\"e646777\" data-element_type=\"section\" data-e-type=\"section\">\n\t\t\t\t\t\t<div class=\"elementor-container elementor-column-gap-default\">\n\t\t\t\t\t<div class=\"elementor-column elementor-col-50 elementor-top-column elementor-element elementor-element-c2ac808\" data-id=\"c2ac808\" data-element_type=\"column\" data-e-type=\"column\">\n\t\t\t<div class=\"elementor-widget-wrap elementor-element-populated\">\n\t\t\t\t\t\t<div class=\"elementor-element elementor-element-6c02369 de_scroll_animation_no elementor-invisible elementor-widget elementor-widget-image\" data-id=\"6c02369\" data-element_type=\"widget\" data-e-type=\"widget\" data-settings=\"{&quot;_animation&quot;:&quot;fadeIn&quot;}\" data-widget_type=\"image.default\">\n\t\t\t\t<div class=\"elementor-widget-container\">\n\t\t\t\t\t\t\t\t\t\t\t\t\t\t\t<img decoding=\"async\" src=\"https:\/\/shs.one\/wp-content\/uploads\/sites\/106\/elementor\/thumbs\/HOME-qg5pymw0p2eqgtedtqzd2c0xrn3cn1xad0mo0ivqdc.png\" title=\"HOME\" alt=\"HOME\" loading=\"lazy\" \/>\t\t\t\t\t\t\t\t\t\t\t\t\t\t\t<\/div>\n\t\t\t\t<\/div>\n\t\t\t\t\t<\/div>\n\t\t<\/div>\n\t\t\t\t<div class=\"elementor-column elementor-col-50 elementor-top-column elementor-element elementor-element-0f1ae14\" data-id=\"0f1ae14\" data-element_type=\"column\" data-e-type=\"column\" data-settings=\"{&quot;background_background&quot;:&quot;classic&quot;}\">\n\t\t\t<div class=\"elementor-widget-wrap elementor-element-populated\">\n\t\t\t\t\t\t<div class=\"elementor-element elementor-element-7f6f2e5 de_scroll_animation_no elementor-invisible elementor-widget elementor-widget-heading\" data-id=\"7f6f2e5\" data-element_type=\"widget\" data-e-type=\"widget\" data-settings=\"{&quot;_animation&quot;:&quot;fadeIn&quot;,&quot;_animation_delay&quot;:200}\" data-widget_type=\"heading.default\">\n\t\t\t\t<div class=\"elementor-widget-container\">\n\t\t\t\t\t<h2 class=\"elementor-heading-title elementor-size-default\">Homestaging<\/h2>\t\t\t\t<\/div>\n\t\t\t\t<\/div>\n\t\t\t\t<div class=\"elementor-element elementor-element-459360d de_scroll_animation_no elementor-widget elementor-widget-text-editor\" data-id=\"459360d\" data-element_type=\"widget\" data-e-type=\"widget\" data-widget_type=\"text-editor.default\">\n\t\t\t\t<div class=\"elementor-widget-container\">\n\t\t\t\t\t\t\t\t\t<p><b>La premi\u00e8re impression est tr\u00e8s importante \u00e0 cet \u00e9gard<\/b> &#8211; car chacun sait qu&rsquo;il n&rsquo;y a pas de deuxi\u00e8me chance pour la premi\u00e8re impression. Un acheteur potentiel d\u00e9cide g\u00e9n\u00e9ralement d\u00e8s la premi\u00e8re visite de la propri\u00e9t\u00e9 si celle-ci peut \u00eatre consid\u00e9r\u00e9e comme son futur domicile.<\/p>\n<p><b>Avec <\/b><b>Homestaging<\/b><b> met en sc\u00e8ne votre bien immobilier de mani\u00e8re professionnelle.<\/b><\/p>\n<p>L&rsquo;utilisation cibl\u00e9e des meubles, de la d\u00e9coration et de la lumi\u00e8re permet de cr\u00e9er une atmosph\u00e8re de bien-\u00eatre qui suscite des \u00e9motions. L&rsquo;acheteur potentiel se fait une id\u00e9e de la mani\u00e8re dont il pourra vivre dans le bien immobilier.<\/p>\n\t\t\t\t\t\t\t\t<\/div>\n\t\t\t\t<\/div>\n\t\t\t\t\t<\/div>\n\t\t<\/div>\n\t\t\t\t\t<\/div>\n\t\t<\/section>\n\t\t\t\t<\/div>\n\t\t","protected":false},"excerpt":{"rendered":"<p>L&rsquo;architecture rencontre le design d&rsquo;int\u00e9rieur L&rsquo;architecture rencontre le design d&rsquo;int\u00e9rieur Notre \u00e9quipe sait combiner l&rsquo;influence de la lumi\u00e8re, de l&rsquo;espace, de la forme et de la configuration dans un bien immobilier. En tenant compte de tous ces \u00e9l\u00e9ments, l&rsquo;\u00e9quipe SHS cr\u00e9e des ambiances d&rsquo;habitation qui fonctionnent de mani\u00e8re intelligente et dans lesquelles il fait bon [&hellip;]<\/p>\n","protected":false},"author":13,"featured_media":0,"parent":0,"menu_order":0,"comment_status":"closed","ping_status":"open","template":"elementor_header_footer","meta":{"_acf_changed":false,"_seopress_robots_primary_cat":"","_seopress_titles_title":"","_seopress_titles_desc":"","_seopress_robots_index":"","footnotes":""},"class_list":["post-5626","page","type-page","status-publish","hentry"],"acf":[],"jetpack_sharing_enabled":true,"_links":{"self":[{"href":"https:\/\/shs.one\/fr\/wp-json\/wp\/v2\/pages\/5626","targetHints":{"allow":["GET"]}}],"collection":[{"href":"https:\/\/shs.one\/fr\/wp-json\/wp\/v2\/pages"}],"about":[{"href":"https:\/\/shs.one\/fr\/wp-json\/wp\/v2\/types\/page"}],"author":[{"embeddable":true,"href":"https:\/\/shs.one\/fr\/wp-json\/wp\/v2\/users\/13"}],"replies":[{"embeddable":true,"href":"https:\/\/shs.one\/fr\/wp-json\/wp\/v2\/comments?post=5626"}],"version-history":[{"count":0,"href":"https:\/\/shs.one\/fr\/wp-json\/wp\/v2\/pages\/5626\/revisions"}],"wp:attachment":[{"href":"https:\/\/shs.one\/fr\/wp-json\/wp\/v2\/media?parent=5626"}],"curies":[{"name":"wp","href":"https:\/\/api.w.org\/{rel}","templated":true}]}}