{"id":5646,"date":"2023-10-31T11:58:49","date_gmt":"2023-10-31T10:58:49","guid":{"rendered":"https:\/\/shs.one\/sabrina-martella\/"},"modified":"2024-09-06T07:49:14","modified_gmt":"2024-09-06T05:49:14","slug":"sabrina-martella","status":"publish","type":"page","link":"https:\/\/shs.one\/fr\/a-propos-de-nous\/sabrina-martella\/","title":{"rendered":"Sabrina Martella"},"content":{"rendered":"\t\t<div data-elementor-type=\"wp-page\" data-elementor-id=\"5646\" class=\"elementor elementor-5646 elementor-1965\" data-elementor-post-type=\"page\">\n\t\t\t\t\t\t<section class=\"elementor-section elementor-top-section elementor-element elementor-element-3448011 elementor-section-full_width elementor-section-height-default elementor-section-height-default\" data-id=\"3448011\" data-element_type=\"section\" data-e-type=\"section\">\n\t\t\t\t\t\t<div class=\"elementor-container elementor-column-gap-default\">\n\t\t\t\t\t<div class=\"elementor-column elementor-col-50 elementor-top-column elementor-element elementor-element-45c028e\" data-id=\"45c028e\" data-element_type=\"column\" data-e-type=\"column\">\n\t\t\t<div class=\"elementor-widget-wrap elementor-element-populated\">\n\t\t\t\t\t\t<div class=\"elementor-element elementor-element-a18d57a de_scroll_animation_no elementor-invisible elementor-widget elementor-widget-image\" data-id=\"a18d57a\" data-element_type=\"widget\" data-e-type=\"widget\" data-settings=\"{&quot;_animation&quot;:&quot;fadeIn&quot;}\" data-widget_type=\"image.default\">\n\t\t\t\t<div class=\"elementor-widget-container\">\n\t\t\t\t\t\t\t\t\t\t\t\t\t\t\t<img decoding=\"async\" src=\"https:\/\/shs.one\/wp-content\/uploads\/sites\/106\/elementor\/thumbs\/Sabrina-Martella-Innenarchitektin-scaled-qga2884pkhh1b2lzi7a4a3wwfpumxy1pwaxvqclvjg.jpeg\" title=\"Sabrina Martella Innenarchitektin\" alt=\"Sabrina Martella Innenarchitektin\" loading=\"lazy\" \/>\t\t\t\t\t\t\t\t\t\t\t\t\t\t\t<\/div>\n\t\t\t\t<\/div>\n\t\t\t\t\t<\/div>\n\t\t<\/div>\n\t\t\t\t<div class=\"elementor-column elementor-col-50 elementor-top-column elementor-element elementor-element-3d12a5b\" data-id=\"3d12a5b\" data-element_type=\"column\" data-e-type=\"column\" data-settings=\"{&quot;background_background&quot;:&quot;classic&quot;}\">\n\t\t\t<div class=\"elementor-widget-wrap elementor-element-populated\">\n\t\t\t\t\t\t<div class=\"elementor-element elementor-element-36b5bf3 de_scroll_animation_no elementor-widget elementor-widget-heading\" data-id=\"36b5bf3\" data-element_type=\"widget\" data-e-type=\"widget\" data-widget_type=\"heading.default\">\n\t\t\t\t<div class=\"elementor-widget-container\">\n\t\t\t\t\t<h2 class=\"elementor-heading-title elementor-size-default\">Architecte d'int\u00e9rieur - Chef de projet  <\/h2>\t\t\t\t<\/div>\n\t\t\t\t<\/div>\n\t\t\t\t<div class=\"elementor-element elementor-element-d8632cf de_scroll_animation_no elementor-widget elementor-widget-text-editor\" data-id=\"d8632cf\" data-element_type=\"widget\" data-e-type=\"widget\" data-widget_type=\"text-editor.default\">\n\t\t\t\t<div class=\"elementor-widget-container\">\n\t\t\t\t\t\t\t\t\t<p>Gr\u00e2ce \u00e0 sa longue exp\u00e9rience dans diff\u00e9rents bureaux d&rsquo;architectes, elle est devenue une chef de projet responsable.<\/p>\n<p>Aucune t\u00e2che n&rsquo;est trop grande pour elle et elle s&rsquo;en acquitte avec calme et efficacit\u00e9.<\/p>\n\t\t\t\t\t\t\t\t<\/div>\n\t\t\t\t<\/div>\n\t\t\t\t\t<\/div>\n\t\t<\/div>\n\t\t\t\t\t<\/div>\n\t\t<\/section>\n\t\t\t\t<\/div>\n\t\t","protected":false},"excerpt":{"rendered":"<p>Architecte d&rsquo;int\u00e9rieur &#8211; Chef de projet  <\/p>\n","protected":false},"author":13,"featured_media":5111,"parent":5661,"menu_order":0,"comment_status":"closed","ping_status":"open","template":"elementor_header_footer","meta":{"_acf_changed":false,"_seopress_robots_primary_cat":"","_seopress_titles_title":"","_seopress_titles_desc":"","_seopress_robots_index":"","footnotes":""},"class_list":["post-5646","page","type-page","status-publish","has-post-thumbnail","hentry"],"acf":[],"jetpack_sharing_enabled":true,"_links":{"self":[{"href":"https:\/\/shs.one\/fr\/wp-json\/wp\/v2\/pages\/5646","targetHints":{"allow":["GET"]}}],"collection":[{"href":"https:\/\/shs.one\/fr\/wp-json\/wp\/v2\/pages"}],"about":[{"href":"https:\/\/shs.one\/fr\/wp-json\/wp\/v2\/types\/page"}],"author":[{"embeddable":true,"href":"https:\/\/shs.one\/fr\/wp-json\/wp\/v2\/users\/13"}],"replies":[{"embeddable":true,"href":"https:\/\/shs.one\/fr\/wp-json\/wp\/v2\/comments?post=5646"}],"version-history":[{"count":0,"href":"https:\/\/shs.one\/fr\/wp-json\/wp\/v2\/pages\/5646\/revisions"}],"up":[{"embeddable":true,"href":"https:\/\/shs.one\/fr\/wp-json\/wp\/v2\/pages\/5661"}],"wp:featuredmedia":[{"embeddable":true,"href":"https:\/\/shs.one\/fr\/wp-json\/wp\/v2\/media\/5111"}],"wp:attachment":[{"href":"https:\/\/shs.one\/fr\/wp-json\/wp\/v2\/media?parent=5646"}],"curies":[{"name":"wp","href":"https:\/\/api.w.org\/{rel}","templated":true}]}}