{"id":5687,"date":"2023-10-31T11:28:35","date_gmt":"2023-10-31T10:28:35","guid":{"rendered":"https:\/\/shs.one\/a-propos-de-nous\/simona-liebrecht-palermo\/"},"modified":"2023-11-14T13:17:37","modified_gmt":"2023-11-14T12:17:37","slug":"simona-liebrecht-palermo","status":"publish","type":"page","link":"https:\/\/shs.one\/fr\/a-propos-de-nous\/simona-liebrecht-palermo\/","title":{"rendered":"Simona Liebrecht Palermo"},"content":{"rendered":"\t\t<div data-elementor-type=\"wp-page\" data-elementor-id=\"5687\" class=\"elementor elementor-5687 elementor-1914\" data-elementor-post-type=\"page\">\n\t\t\t\t\t\t<section class=\"elementor-section elementor-top-section elementor-element elementor-element-7c356f5 elementor-section-full_width elementor-section-height-default elementor-section-height-default\" data-id=\"7c356f5\" data-element_type=\"section\" data-e-type=\"section\">\n\t\t\t\t\t\t<div class=\"elementor-container elementor-column-gap-default\">\n\t\t\t\t\t<div class=\"elementor-column elementor-col-50 elementor-top-column elementor-element elementor-element-40f38d9\" data-id=\"40f38d9\" data-element_type=\"column\" data-e-type=\"column\">\n\t\t\t<div class=\"elementor-widget-wrap elementor-element-populated\">\n\t\t\t\t\t\t<div class=\"elementor-element elementor-element-e97153a de_scroll_animation_no elementor-invisible elementor-widget elementor-widget-image\" data-id=\"e97153a\" data-element_type=\"widget\" data-e-type=\"widget\" data-settings=\"{&quot;_animation&quot;:&quot;fadeIn&quot;}\" data-widget_type=\"image.default\">\n\t\t\t\t<div class=\"elementor-widget-container\">\n\t\t\t\t\t\t\t\t\t\t\t\t\t\t\t<img decoding=\"async\" src=\"https:\/\/shs.one\/wp-content\/uploads\/sites\/106\/elementor\/thumbs\/Simone-Liebrecht-Palermo-Firmengru\u0308nderin-Creative-Lead_2-scaled-qfoznx6sqkgp53g1tjcrqri9tf06swz2cqydw8wh64.jpg\" title=\"Simone Liebrecht Palermo Firmengru\u0308nderin &#038; Creative Lead_2\" alt=\"Simone Liebrecht Palermo Firmengru\u0308nderin &amp; Creative Lead_2\" loading=\"lazy\" \/>\t\t\t\t\t\t\t\t\t\t\t\t\t\t\t<\/div>\n\t\t\t\t<\/div>\n\t\t\t\t\t<\/div>\n\t\t<\/div>\n\t\t\t\t<div class=\"elementor-column elementor-col-50 elementor-top-column elementor-element elementor-element-96b8867\" data-id=\"96b8867\" data-element_type=\"column\" data-e-type=\"column\" data-settings=\"{&quot;background_background&quot;:&quot;classic&quot;}\">\n\t\t\t<div class=\"elementor-widget-wrap elementor-element-populated\">\n\t\t\t\t\t\t<div class=\"elementor-element elementor-element-1db8688 de_scroll_animation_no elementor-widget elementor-widget-heading\" data-id=\"1db8688\" data-element_type=\"widget\" data-e-type=\"widget\" data-widget_type=\"heading.default\">\n\t\t\t\t<div class=\"elementor-widget-container\">\n\t\t\t\t\t<h2 class=\"elementor-heading-title elementor-size-default\">Fondatrice de l'entreprise &amp; Creative Lead<\/h2>\t\t\t\t<\/div>\n\t\t\t\t<\/div>\n\t\t\t\t<div class=\"elementor-element elementor-element-32f059d de_scroll_animation_no elementor-widget elementor-widget-text-editor\" data-id=\"32f059d\" data-element_type=\"widget\" data-e-type=\"widget\" data-widget_type=\"text-editor.default\">\n\t\t\t\t<div class=\"elementor-widget-container\">\n\t\t\t\t\t\t\t\t\t<p>Simone a recueilli ses impressions intenses lors de ses s\u00e9jours \u00e0 Hong Kong, Londres, New York et en Inde. La diversit\u00e9 des diff\u00e9rentes cultures, a favoris\u00e9 votre appr\u00e9ciation de l&rsquo;art et de l&rsquo;harmonie des couleurs.<\/p>\n<p><b><br \/>\n  <i>\u00ab\u00a0Cette passion pour le design, la couleur, l&rsquo;art et la culture caract\u00e9rise vos travaux dans le domaine de l&rsquo;architecture d&rsquo;int\u00e9rieur. <\/i><br \/>\n<\/b><b><br \/>\n  <i>Innenarchitetkur<\/i><br \/>\n<\/b><b><br \/>\n  <i>, le design d&rsquo;int\u00e9rieur et la gestion de projets <\/i><br \/>\n<\/b><b><br \/>\n  <i>se distinguent\u00a0\u00bb.<\/i><br \/>\n<\/b><\/p>\n<p>La combinaison du haut niveau de votre travail, de l&rsquo;attention port\u00e9e aux d\u00e9tails et de l&rsquo;excellent service \u00e0 la client\u00e8le se retrouve dans vos concepts d&rsquo;habitat uniques. Un design r\u00e9ussi ne doit pas seulement \u00eatre beau, il doit aussi \u00eatre agr\u00e9able au toucher. <\/p>\n\t\t\t\t\t\t\t\t<\/div>\n\t\t\t\t<\/div>\n\t\t\t\t\t<\/div>\n\t\t<\/div>\n\t\t\t\t\t<\/div>\n\t\t<\/section>\n\t\t\t\t<\/div>\n\t\t","protected":false},"excerpt":{"rendered":"<p>Fondatrice de l&rsquo;entreprise &amp; Creative Lead<\/p>\n","protected":false},"author":13,"featured_media":5051,"parent":5661,"menu_order":0,"comment_status":"closed","ping_status":"open","template":"elementor_header_footer","meta":{"_acf_changed":false,"_seopress_robots_primary_cat":"","_seopress_titles_title":"","_seopress_titles_desc":"","_seopress_robots_index":"","footnotes":""},"class_list":["post-5687","page","type-page","status-publish","has-post-thumbnail","hentry"],"acf":[],"jetpack_sharing_enabled":true,"_links":{"self":[{"href":"https:\/\/shs.one\/fr\/wp-json\/wp\/v2\/pages\/5687","targetHints":{"allow":["GET"]}}],"collection":[{"href":"https:\/\/shs.one\/fr\/wp-json\/wp\/v2\/pages"}],"about":[{"href":"https:\/\/shs.one\/fr\/wp-json\/wp\/v2\/types\/page"}],"author":[{"embeddable":true,"href":"https:\/\/shs.one\/fr\/wp-json\/wp\/v2\/users\/13"}],"replies":[{"embeddable":true,"href":"https:\/\/shs.one\/fr\/wp-json\/wp\/v2\/comments?post=5687"}],"version-history":[{"count":0,"href":"https:\/\/shs.one\/fr\/wp-json\/wp\/v2\/pages\/5687\/revisions"}],"up":[{"embeddable":true,"href":"https:\/\/shs.one\/fr\/wp-json\/wp\/v2\/pages\/5661"}],"wp:featuredmedia":[{"embeddable":true,"href":"https:\/\/shs.one\/fr\/wp-json\/wp\/v2\/media\/5051"}],"wp:attachment":[{"href":"https:\/\/shs.one\/fr\/wp-json\/wp\/v2\/media?parent=5687"}],"curies":[{"name":"wp","href":"https:\/\/api.w.org\/{rel}","templated":true}]}}