{"id":5623,"date":"2022-10-06T13:21:58","date_gmt":"2022-10-06T11:21:58","guid":{"rendered":"https:\/\/shs.one\/impressum\/"},"modified":"2023-11-09T13:28:53","modified_gmt":"2023-11-09T12:28:53","slug":"impressum","status":"publish","type":"page","link":"https:\/\/shs.one\/it\/impressum\/","title":{"rendered":"Impressum"},"content":{"rendered":"\n<p>SHS Superior Home Styling Sagl<br\/>Via Bartolomeo Papio 3<br\/>6612 Ascona<\/p>\n\n<h4 class=\"wp-block-heading\">IDI\/IVA<\/h4>\n\n<p>CHE-231.485.806<\/p>\n\n<p>tel: 091 791 16 81<br\/>e-mail: info@shs.one<\/p>\n\n<h2 class=\"wp-block-heading\">Dichiarazione di non responsabilit\u00e0<\/h2>\n\n<p>Questo sito web \u00e8 stato creato e controllato con la massima cura possibile. Tuttavia, l&#8217;editore non si assume alcuna responsabilit\u00e0 per l&#8217;attualit\u00e0, la correttezza, la completezza o la qualit\u00e0 delle informazioni fornite.<\/p>\n\n<p>Tutte le informazioni contenute in questo sito web sono fornite come servizio ai visitatori del sito. Per queste informazioni, che PS-Personalservice ha ricevuto anche da terzi, n\u00e9 PS-Personalservice n\u00e9 il suo proprietario, i suoi partner o i suoi dipendenti si assumono alcuna responsabilit\u00e0 (diretta o indiretta) per lesioni, perdite, reclami, danni, danni indiretti o consequenziali, perdita di profitto derivanti in qualsiasi modo dall&#8217;uso delle informazioni contenute in questo sito.<\/p>\n\n<p>Tutte le offerte sono soggette a modifiche e non sono vincolanti.<\/p>\n\n<p><\/p>\n\n<h2 class=\"wp-block-heading\">Riferimenti e link<\/h2>\n\n<p>Nel caso di riferimenti diretti o indiretti a siti web esterni (collegamenti ipertestuali) che si trovano al di fuori dell&#8217;area di responsabilit\u00e0 dell&#8217;autore, l&#8217;obbligo di responsabilit\u00e0 entrerebbe in vigore solo se l&#8217;autore fosse a conoscenza del contenuto e se fosse tecnicamente possibile e ragionevole per lui impedire l&#8217;uso nel caso di contenuti illegali. L&#8217;autore dichiara espressamente che al momento della creazione dei link non erano riconoscibili contenuti illegali nelle pagine collegate. L&#8217;autore non ha alcuna influenza sul design attuale e futuro, sui contenuti o sulla paternit\u00e0 delle pagine collegate. Pertanto prende espressamente le distanze da tutti i contenuti di tutte le pagine collegate che sono state modificate dopo la creazione del link. Questa dichiarazione si applica a tutti i link e i riferimenti presenti nel sito web dell&#8217;autore, nonch\u00e9 alle voci di terzi nei libri degli ospiti, nei forum di discussione e nelle mailing list create dall&#8217;autore. Per i contenuti illegali, errati o incompleti e in particolare per i danni derivanti dall&#8217;uso o dal mancato uso di tali informazioni, \u00e8 responsabile solo il fornitore della pagina a cui si fa riferimento, non chi si limita a rimandare alla rispettiva pubblicazione tramite link.<\/p>\n\n<p><\/p>\n\n<h2 class=\"wp-block-heading\">Informativa sulla privacy<\/h2>\n\n<p>Naturalmente proteggiamo la privacy di tutte le persone che utilizzano il nostro sito web. Tutti i dati personali saranno trattati con riservatezza.<\/p>\n\n<p>Le informazioni ricevute dall&#8217;utente saranno utilizzate solo per contattarlo. Non saranno trasmessi a terzi. Inoltre, non creiamo profili utente personali.<\/p>\n\n<p>I dati non vengono trasmessi ai clienti pubblicitari e alle parti interessate.<\/p>\n\n<p><\/p>\n\n<h2 class=\"wp-block-heading\">Copyright<\/h2>\n\n<p>L&#8217;autore si impegna a non utilizzare materiale protetto da copyright per la pubblicazione. Tutti i nomi e i marchi di fabbrica citati sul sito web ed eventualmente protetti da terzi sono soggetti senza limitazioni alle disposizioni della legge sui marchi di fabbrica applicabile e ai diritti di propriet\u00e0 dei rispettivi proprietari registrati. La semplice menzione di un marchio non deve portare a concludere che esso non sia protetto da diritti di terzi! Il diritto d&#8217;autore per gli oggetti pubblicati creati dall&#8217;autore stesso rimane esclusivamente all&#8217;autore delle pagine. La duplicazione o l&#8217;utilizzo di oggetti come immagini, diagrammi, suoni o testi in altre pubblicazioni elettroniche o stampate non \u00e8 consentita senza il consenso dell&#8217;autore. Tutti i nomi e i marchi di fabbrica citati sul sito web ed eventualmente protetti da terzi sono soggetti senza limitazioni alle disposizioni della legge sui marchi di fabbrica applicabile e ai diritti di propriet\u00e0 dei rispettivi proprietari registrati.<\/p>\n\n<p><\/p>\n\n<h2 class=\"wp-block-heading\">Validit\u00e0 legale della presente clausola di esclusione della responsabilit\u00e0<\/h2>\n\n<p>La presente clausola di esclusione della responsabilit\u00e0 deve essere considerata come parte integrante della pubblicazione internet da cui siete stati indirizzati. Se sezioni o singoli termini di questa dichiarazione non sono legali o corretti, il contenuto o la validit\u00e0 delle altre parti non sono influenzati da questo fatto.<\/p>\n\n<p><\/p>\n\n<h2 class=\"wp-block-heading\">Fonti dell&#8217;immagine<\/h2>\n\n<p>B&amp;B Italia, Fotolia, Simona Palermo, Marco Palermo,<\/p>\n","protected":false},"excerpt":{"rendered":"<p>SHS Superior Home Styling SaglVia Bartolomeo Papio 36612 Ascona IDI\/IVA CHE-231.485.806 tel: 091 791 16 81e-mail: info@shs.one Dichiarazione di non responsabilit\u00e0 Questo sito web \u00e8 stato creato e controllato con la massima cura possibile. Tuttavia, l&#8217;editore non si assume alcuna responsabilit\u00e0 per l&#8217;attualit\u00e0, la correttezza, la completezza o la qualit\u00e0 delle informazioni fornite. Tutte le [&hellip;]<\/p>\n","protected":false},"author":13,"featured_media":0,"parent":0,"menu_order":0,"comment_status":"closed","ping_status":"open","template":"","meta":{"_acf_changed":false,"_seopress_robots_primary_cat":"","_seopress_titles_title":"","_seopress_titles_desc":"","_seopress_robots_index":"","footnotes":""},"class_list":["post-5623","page","type-page","status-publish","hentry"],"acf":[],"jetpack_sharing_enabled":true,"_links":{"self":[{"href":"https:\/\/shs.one\/it\/wp-json\/wp\/v2\/pages\/5623","targetHints":{"allow":["GET"]}}],"collection":[{"href":"https:\/\/shs.one\/it\/wp-json\/wp\/v2\/pages"}],"about":[{"href":"https:\/\/shs.one\/it\/wp-json\/wp\/v2\/types\/page"}],"author":[{"embeddable":true,"href":"https:\/\/shs.one\/it\/wp-json\/wp\/v2\/users\/13"}],"replies":[{"embeddable":true,"href":"https:\/\/shs.one\/it\/wp-json\/wp\/v2\/comments?post=5623"}],"version-history":[{"count":0,"href":"https:\/\/shs.one\/it\/wp-json\/wp\/v2\/pages\/5623\/revisions"}],"wp:attachment":[{"href":"https:\/\/shs.one\/it\/wp-json\/wp\/v2\/media?parent=5623"}],"curies":[{"name":"wp","href":"https:\/\/api.w.org\/{rel}","templated":true}]}}