{"id":5629,"date":"2023-10-12T10:04:21","date_gmt":"2023-10-12T08:04:21","guid":{"rendered":"https:\/\/shs.one\/il-nostro-servizio\/"},"modified":"2023-11-09T15:35:24","modified_gmt":"2023-11-09T14:35:24","slug":"il-nostro-servizio","status":"publish","type":"page","link":"https:\/\/shs.one\/it\/il-nostro-servizio\/","title":{"rendered":"Il nostro servizio"},"content":{"rendered":"\t\t<div data-elementor-type=\"wp-page\" data-elementor-id=\"5629\" class=\"elementor elementor-5629 elementor-1233\" data-elementor-post-type=\"page\">\n\t\t\t\t\t\t<section class=\"elementor-section elementor-top-section elementor-element elementor-element-05ca275 elementor-section-full_width elementor-section-height-default elementor-section-height-default\" data-id=\"05ca275\" data-element_type=\"section\" data-e-type=\"section\">\n\t\t\t\t\t\t<div class=\"elementor-container elementor-column-gap-default\">\n\t\t\t\t\t<div class=\"elementor-column elementor-col-50 elementor-top-column elementor-element elementor-element-b144551\" data-id=\"b144551\" data-element_type=\"column\" data-e-type=\"column\">\n\t\t\t<div class=\"elementor-widget-wrap elementor-element-populated\">\n\t\t\t\t\t\t<div class=\"elementor-element elementor-element-0f1beb7 de_scroll_animation_no elementor-invisible elementor-widget elementor-widget-image\" data-id=\"0f1beb7\" data-element_type=\"widget\" data-e-type=\"widget\" data-settings=\"{&quot;_animation&quot;:&quot;fadeIn&quot;}\" data-widget_type=\"image.default\">\n\t\t\t\t<div class=\"elementor-widget-container\">\n\t\t\t\t\t\t\t\t\t\t\t\t\t\t\t<img decoding=\"async\" src=\"https:\/\/shs.one\/wp-content\/uploads\/sites\/106\/elementor\/thumbs\/AdobeStock_553846006-scaled-qg5q5ubh3c9b0ll9esfxneq5c54gdmk0r76ufxo3mg.jpeg\" title=\"3d rendering of modern living room with white sofa, home desk in\" alt=\"3d rendering of modern living room with white sofa, home desk in\" loading=\"lazy\" \/>\t\t\t\t\t\t\t\t\t\t\t\t\t\t\t<\/div>\n\t\t\t\t<\/div>\n\t\t\t\t\t<\/div>\n\t\t<\/div>\n\t\t\t\t<div class=\"elementor-column elementor-col-50 elementor-top-column elementor-element elementor-element-15bccb5\" data-id=\"15bccb5\" data-element_type=\"column\" data-e-type=\"column\" data-settings=\"{&quot;background_background&quot;:&quot;classic&quot;}\">\n\t\t\t<div class=\"elementor-widget-wrap elementor-element-populated\">\n\t\t\t\t\t\t<div class=\"elementor-element elementor-element-779180d de_scroll_animation_no elementor-invisible elementor-widget elementor-widget-heading\" data-id=\"779180d\" data-element_type=\"widget\" data-e-type=\"widget\" data-settings=\"{&quot;_animation&quot;:&quot;fadeIn&quot;,&quot;_animation_delay&quot;:200}\" data-widget_type=\"heading.default\">\n\t\t\t\t<div class=\"elementor-widget-container\">\n\t\t\t\t\t<h2 class=\"elementor-heading-title elementor-size-default\">L'architettura incontra il design d'interni\n<\/h2>\t\t\t\t<\/div>\n\t\t\t\t<\/div>\n\t\t\t\t<div class=\"elementor-element elementor-element-2efc2c9 de_scroll_animation_no elementor-widget elementor-widget-text-editor\" data-id=\"2efc2c9\" data-element_type=\"widget\" data-e-type=\"widget\" data-widget_type=\"text-editor.default\">\n\t\t\t\t<div class=\"elementor-widget-container\">\n\t\t\t\t\t\t\t\t\t<p>L&#8217;architettura incontra il design d&#8217;interni<\/p>\n<p>Il nostro team sa come combinare l&#8217;influenza della luce, dello spazio, della forma e del design in un immobile. Tenendo conto di tutti questi elementi, il team SHS crea ambienti abitativi che funzionano in modo intelligente e sono piacevoli da vivere.<\/p>\n<p><b>Il nostro motto:<\/b><\/p>\n<p>Armonizzare funzionalit\u00e0 e stile di vita<\/p>\n<p>Con il supporto dei nostri clienti e dei loro desideri ed esigenze, creiamo concetti di design eleganti e senza tempo.<\/p>\n<p>Individuale come ognuno di noi.<\/p>\n\t\t\t\t\t\t\t\t<\/div>\n\t\t\t\t<\/div>\n\t\t\t\t<div class=\"elementor-element elementor-element-e02b417 de_scroll_animation_no elementor-invisible elementor-widget elementor-widget-button\" data-id=\"e02b417\" data-element_type=\"widget\" data-e-type=\"widget\" data-settings=\"{&quot;_animation&quot;:&quot;fadeIn&quot;,&quot;_animation_delay&quot;:400}\" data-widget_type=\"button.default\">\n\t\t\t\t<div class=\"elementor-widget-container\">\n\t\t\t\t\t\t\t\t\t<div class=\"elementor-button-wrapper\">\n\t\t\t\t\t<a class=\"elementor-button elementor-button-link elementor-size-sm\" href=\"https:\/\/shs.one\/it\/chi-siamo\/\">\n\t\t\t\t\t\t<span class=\"elementor-button-content-wrapper\">\n\t\t\t\t\t\t\t\t\t<span class=\"elementor-button-text\">chi siamo<\/span>\n\t\t\t\t\t<\/span>\n\t\t\t\t\t<\/a>\n\t\t\t\t<\/div>\n\t\t\t\t\t\t\t\t<\/div>\n\t\t\t\t<\/div>\n\t\t\t\t\t<\/div>\n\t\t<\/div>\n\t\t\t\t\t<\/div>\n\t\t<\/section>\n\t\t\t\t<section class=\"elementor-section elementor-top-section elementor-element elementor-element-4f44750 elementor-section-full_width elementor-section-height-default elementor-section-height-default\" data-id=\"4f44750\" data-element_type=\"section\" data-e-type=\"section\">\n\t\t\t\t\t\t<div class=\"elementor-container elementor-column-gap-default\">\n\t\t\t\t\t<div class=\"elementor-column elementor-col-50 elementor-top-column elementor-element elementor-element-49be784\" data-id=\"49be784\" data-element_type=\"column\" data-e-type=\"column\" data-settings=\"{&quot;background_background&quot;:&quot;classic&quot;}\">\n\t\t\t<div class=\"elementor-widget-wrap elementor-element-populated\">\n\t\t\t\t\t\t<div class=\"elementor-element elementor-element-c278c58 de_scroll_animation_no elementor-invisible elementor-widget elementor-widget-heading\" data-id=\"c278c58\" data-element_type=\"widget\" data-e-type=\"widget\" data-settings=\"{&quot;_animation&quot;:&quot;fadeIn&quot;,&quot;_animation_delay&quot;:200}\" data-widget_type=\"heading.default\">\n\t\t\t\t<div class=\"elementor-widget-container\">\n\t\t\t\t\t<h3 class=\"elementor-heading-title elementor-size-default\">FF&amp;E<br>\nMobili, arredi e attrezzature\n<\/h3>\t\t\t\t<\/div>\n\t\t\t\t<\/div>\n\t\t\t\t<div class=\"elementor-element elementor-element-50bac1b de_scroll_animation_no elementor-widget elementor-widget-text-editor\" data-id=\"50bac1b\" data-element_type=\"widget\" data-e-type=\"widget\" data-widget_type=\"text-editor.default\">\n\t\t\t\t<div class=\"elementor-widget-container\">\n\t\t\t\t\t\t\t\t\t<p>Il nostro concetto di interior design, caratterizzato da mobili su misura (FF&amp;E), arredi sofisticati e accessori utili, dar\u00e0 alla vostra nuova casa un aspetto unico.<br \/>un fattore di benessere speciale a casa. Il team di SHS sviluppa il concetto di interior design e si assicura che questo superi le aspettative dei nostri clienti con finiture eccellenti e attenzione ai dettagli.<\/p>\n\t\t\t\t\t\t\t\t<\/div>\n\t\t\t\t<\/div>\n\t\t\t\t\t<\/div>\n\t\t<\/div>\n\t\t\t\t<div class=\"elementor-column elementor-col-50 elementor-top-column elementor-element elementor-element-e7d4eb8\" data-id=\"e7d4eb8\" data-element_type=\"column\" data-e-type=\"column\">\n\t\t\t<div class=\"elementor-widget-wrap elementor-element-populated\">\n\t\t\t\t\t\t<div class=\"elementor-element elementor-element-1e55ad1 de_scroll_animation_no elementor-invisible elementor-widget elementor-widget-image\" data-id=\"1e55ad1\" data-element_type=\"widget\" data-e-type=\"widget\" data-settings=\"{&quot;_animation&quot;:&quot;fadeIn&quot;}\" data-widget_type=\"image.default\">\n\t\t\t\t<div class=\"elementor-widget-container\">\n\t\t\t\t\t\t\t\t\t\t\t\t\t\t\t<img decoding=\"async\" src=\"https:\/\/shs.one\/wp-content\/uploads\/sites\/106\/elementor\/thumbs\/SHS_Tiffany-19-scaled-qg27v57up467vlx6xgdwqr2y737rkgheb4yl433p7c.jpg\" title=\"SHS_Tiffany-19\" alt=\"SHS_Tiffany-19\" loading=\"lazy\" \/>\t\t\t\t\t\t\t\t\t\t\t\t\t\t\t<\/div>\n\t\t\t\t<\/div>\n\t\t\t\t\t<\/div>\n\t\t<\/div>\n\t\t\t\t\t<\/div>\n\t\t<\/section>\n\t\t\t\t<section class=\"elementor-section elementor-top-section elementor-element elementor-element-e646777 elementor-section-full_width elementor-section-height-default elementor-section-height-default\" data-id=\"e646777\" data-element_type=\"section\" data-e-type=\"section\">\n\t\t\t\t\t\t<div class=\"elementor-container elementor-column-gap-default\">\n\t\t\t\t\t<div class=\"elementor-column elementor-col-50 elementor-top-column elementor-element elementor-element-c2ac808\" data-id=\"c2ac808\" data-element_type=\"column\" data-e-type=\"column\">\n\t\t\t<div class=\"elementor-widget-wrap elementor-element-populated\">\n\t\t\t\t\t\t<div class=\"elementor-element elementor-element-6c02369 de_scroll_animation_no elementor-invisible elementor-widget elementor-widget-image\" data-id=\"6c02369\" data-element_type=\"widget\" data-e-type=\"widget\" data-settings=\"{&quot;_animation&quot;:&quot;fadeIn&quot;}\" data-widget_type=\"image.default\">\n\t\t\t\t<div class=\"elementor-widget-container\">\n\t\t\t\t\t\t\t\t\t\t\t\t\t\t\t<img decoding=\"async\" src=\"https:\/\/shs.one\/wp-content\/uploads\/sites\/106\/elementor\/thumbs\/HOME-qg5pymw0p2eqgtedtqzd2c0xrn3cn1xad0mo0ivqdc.png\" title=\"HOME\" alt=\"HOME\" loading=\"lazy\" \/>\t\t\t\t\t\t\t\t\t\t\t\t\t\t\t<\/div>\n\t\t\t\t<\/div>\n\t\t\t\t\t<\/div>\n\t\t<\/div>\n\t\t\t\t<div class=\"elementor-column elementor-col-50 elementor-top-column elementor-element elementor-element-0f1ae14\" data-id=\"0f1ae14\" data-element_type=\"column\" data-e-type=\"column\" data-settings=\"{&quot;background_background&quot;:&quot;classic&quot;}\">\n\t\t\t<div class=\"elementor-widget-wrap elementor-element-populated\">\n\t\t\t\t\t\t<div class=\"elementor-element elementor-element-7f6f2e5 de_scroll_animation_no elementor-invisible elementor-widget elementor-widget-heading\" data-id=\"7f6f2e5\" data-element_type=\"widget\" data-e-type=\"widget\" data-settings=\"{&quot;_animation&quot;:&quot;fadeIn&quot;,&quot;_animation_delay&quot;:200}\" data-widget_type=\"heading.default\">\n\t\t\t\t<div class=\"elementor-widget-container\">\n\t\t\t\t\t<h2 class=\"elementor-heading-title elementor-size-default\">Home staging<\/h2>\t\t\t\t<\/div>\n\t\t\t\t<\/div>\n\t\t\t\t<div class=\"elementor-element elementor-element-459360d de_scroll_animation_no elementor-widget elementor-widget-text-editor\" data-id=\"459360d\" data-element_type=\"widget\" data-e-type=\"widget\" data-widget_type=\"text-editor.default\">\n\t\t\t\t<div class=\"elementor-widget-container\">\n\t\t\t\t\t\t\t\t\t<p>La <b>prima impressione \u00e8 molto importante<\/b>, perch\u00e9 tutti sanno che non c&#8217;\u00e8 una seconda possibilit\u00e0 di fare una prima impressione. Un potenziale acquirente di solito decide durante la prima visita dell&#8217;immobile se \u00e8 adatto alla sua futura casa.<\/p>\n<p><b>Con <\/b><b>home staging<\/b><b> la vostra propriet\u00e0 viene allestita in modo professionale.<\/b><\/p>\n<p>L&#8217;uso mirato di mobili, decorazioni e luci crea un&#8217;atmosfera accogliente che evoca emozioni. Il potenziale acquirente si fa un&#8217;idea di come pu\u00f2 vivere nell&#8217;immobile.<\/p>\n\t\t\t\t\t\t\t\t<\/div>\n\t\t\t\t<\/div>\n\t\t\t\t\t<\/div>\n\t\t<\/div>\n\t\t\t\t\t<\/div>\n\t\t<\/section>\n\t\t\t\t<\/div>\n\t\t","protected":false},"excerpt":{"rendered":"<p>L&#8217;architettura incontra il design d&#8217;interni L&#8217;architettura incontra il design d&#8217;interni Il nostro team sa come combinare l&#8217;influenza della luce, dello spazio, della forma e del design in un immobile. Tenendo conto di tutti questi elementi, il team SHS crea ambienti abitativi che funzionano in modo intelligente e sono piacevoli da vivere. Il nostro motto: Armonizzare [&hellip;]<\/p>\n","protected":false},"author":13,"featured_media":0,"parent":0,"menu_order":0,"comment_status":"closed","ping_status":"open","template":"elementor_header_footer","meta":{"_acf_changed":false,"_seopress_robots_primary_cat":"","_seopress_titles_title":"","_seopress_titles_desc":"","_seopress_robots_index":"","footnotes":""},"class_list":["post-5629","page","type-page","status-publish","hentry"],"acf":[],"jetpack_sharing_enabled":true,"_links":{"self":[{"href":"https:\/\/shs.one\/it\/wp-json\/wp\/v2\/pages\/5629","targetHints":{"allow":["GET"]}}],"collection":[{"href":"https:\/\/shs.one\/it\/wp-json\/wp\/v2\/pages"}],"about":[{"href":"https:\/\/shs.one\/it\/wp-json\/wp\/v2\/types\/page"}],"author":[{"embeddable":true,"href":"https:\/\/shs.one\/it\/wp-json\/wp\/v2\/users\/13"}],"replies":[{"embeddable":true,"href":"https:\/\/shs.one\/it\/wp-json\/wp\/v2\/comments?post=5629"}],"version-history":[{"count":0,"href":"https:\/\/shs.one\/it\/wp-json\/wp\/v2\/pages\/5629\/revisions"}],"wp:attachment":[{"href":"https:\/\/shs.one\/it\/wp-json\/wp\/v2\/media?parent=5629"}],"curies":[{"name":"wp","href":"https:\/\/api.w.org\/{rel}","templated":true}]}}